{"id":1746,"date":"2026-03-05T02:25:38","date_gmt":"2026-03-05T02:25:38","guid":{"rendered":"https:\/\/goldenrod-rhinoceros-401189.hostingersite.com\/?page_id=1746"},"modified":"2026-03-13T10:00:30","modified_gmt":"2026-03-13T03:00:30","slug":"lien-he","status":"publish","type":"page","link":"https:\/\/wedding.teamdevdesign.com\/en\/lien-he\/","title":{"rendered":"Contact"},"content":{"rendered":"","protected":false},"excerpt":{"rendered":"","protected":false},"author":1,"featured_media":0,"parent":0,"menu_order":0,"comment_status":"closed","ping_status":"closed","template":"template-lien-he.php","meta":{"footnotes":""},"class_list":["post-1746","page","type-page","status-publish","hentry"],"blocksy_meta":[],"acf":[],"yoast_head":"<!-- This site is optimized with the Yoast SEO Premium plugin v20.9 (Yoast SEO v20.9) - https:\/\/yoast.com\/wordpress\/plugins\/seo\/ -->\n<title>Li\u00ean h\u1ec7 \u0111\u1eb7t thi\u1ec7p c\u01b0\u1edbi online - H\u1ed7 tr\u1ee3 t\u01b0 v\u1ea5n 24\/7<\/title>\n<meta name=\"description\" content=\"Li\u00ean h\u1ec7 ngay v\u1edbi ch\u00fang t\u00f4i \u0111\u1ec3 \u0111\u01b0\u1ee3c t\u01b0 v\u1ea5n c\u00e1c m\u1eabu thi\u1ec7p c\u01b0\u1edbi online \u0111\u1eb9p nh\u1ea5t 2026. H\u1ed7 tr\u1ee3 thi\u1ebft k\u1ebf ri\u00eang, t\u00edch h\u1ee3p g\u1eedi mail v\u00e0 b\u1ea3n \u0111\u1ed3. Hotline\/Zalo: 0898614962.\" \/>\n<meta name=\"robots\" content=\"index, follow, max-snippet:-1, max-image-preview:large, max-video-preview:-1\" \/>\n<link rel=\"canonical\" href=\"https:\/\/wedding.teamdevdesign.com\/en\/lien-he\/\" \/>\n<meta property=\"og:locale\" content=\"en_US\" \/>\n<meta property=\"og:type\" content=\"article\" \/>\n<meta property=\"og:title\" content=\"Li\u00ean h\u1ec7 \u0111\u1eb7t thi\u1ec7p c\u01b0\u1edbi online - H\u1ed7 tr\u1ee3 t\u01b0 v\u1ea5n 24\/7\" \/>\n<meta property=\"og:description\" content=\"Li\u00ean h\u1ec7 ngay v\u1edbi ch\u00fang t\u00f4i \u0111\u1ec3 \u0111\u01b0\u1ee3c t\u01b0 v\u1ea5n c\u00e1c m\u1eabu thi\u1ec7p c\u01b0\u1edbi online \u0111\u1eb9p nh\u1ea5t 2026. H\u1ed7 tr\u1ee3 thi\u1ebft k\u1ebf ri\u00eang, t\u00edch h\u1ee3p g\u1eedi mail v\u00e0 b\u1ea3n \u0111\u1ed3. Hotline\/Zalo: 0898614962.\" \/>\n<meta property=\"og:url\" content=\"https:\/\/wedding.teamdevdesign.com\/en\/lien-he\/\" \/>\n<meta property=\"og:site_name\" content=\"Wedding Thi\u1ec7p c\u01b0\u1edbi online\" \/>\n<meta property=\"article:modified_time\" content=\"2026-03-13T03:00:30+00:00\" \/>\n<meta property=\"og:image\" content=\"https:\/\/wedding.teamdevdesign.com\/wp-content\/uploads\/2026\/03\/cropped-logo_wedding.png\" \/>\n\t<meta property=\"og:image:width\" content=\"512\" \/>\n\t<meta property=\"og:image:height\" content=\"512\" \/>\n\t<meta property=\"og:image:type\" content=\"image\/png\" \/>\n<meta name=\"twitter:card\" content=\"summary_large_image\" \/>\n<meta name=\"twitter:title\" content=\"Li\u00ean h\u1ec7 \u0111\u1eb7t thi\u1ec7p c\u01b0\u1edbi online - H\u1ed7 tr\u1ee3 t\u01b0 v\u1ea5n 24\/7\" \/>\n<meta name=\"twitter:description\" content=\"Li\u00ean h\u1ec7 ngay v\u1edbi ch\u00fang t\u00f4i \u0111\u1ec3 \u0111\u01b0\u1ee3c t\u01b0 v\u1ea5n c\u00e1c m\u1eabu thi\u1ec7p c\u01b0\u1edbi online \u0111\u1eb9p nh\u1ea5t 2026. H\u1ed7 tr\u1ee3 thi\u1ebft k\u1ebf ri\u00eang, t\u00edch h\u1ee3p g\u1eedi mail v\u00e0 b\u1ea3n \u0111\u1ed3. Hotline\/Zalo: 0898614962.\" \/>\n<script type=\"application\/ld+json\" class=\"yoast-schema-graph\">{\"@context\":\"https:\/\/schema.org\",\"@graph\":[{\"@type\":\"WebPage\",\"@id\":\"https:\/\/wedding.teamdevdesign.com\/lien-he\/\",\"url\":\"https:\/\/wedding.teamdevdesign.com\/lien-he\/\",\"name\":\"Li\u00ean h\u1ec7 \u0111\u1eb7t thi\u1ec7p c\u01b0\u1edbi online - H\u1ed7 tr\u1ee3 t\u01b0 v\u1ea5n 24\/7\",\"isPartOf\":{\"@id\":\"https:\/\/wedding.teamdevdesign.com\/#website\"},\"datePublished\":\"2026-03-05T02:25:38+00:00\",\"dateModified\":\"2026-03-13T03:00:30+00:00\",\"description\":\"Li\u00ean h\u1ec7 ngay v\u1edbi ch\u00fang t\u00f4i \u0111\u1ec3 \u0111\u01b0\u1ee3c t\u01b0 v\u1ea5n c\u00e1c m\u1eabu thi\u1ec7p c\u01b0\u1edbi online \u0111\u1eb9p nh\u1ea5t 2026. H\u1ed7 tr\u1ee3 thi\u1ebft k\u1ebf ri\u00eang, t\u00edch h\u1ee3p g\u1eedi mail v\u00e0 b\u1ea3n \u0111\u1ed3. Hotline\/Zalo: 0898614962.\",\"breadcrumb\":{\"@id\":\"https:\/\/wedding.teamdevdesign.com\/lien-he\/#breadcrumb\"},\"inLanguage\":\"en-US\",\"potentialAction\":[{\"@type\":\"ReadAction\",\"target\":[\"https:\/\/wedding.teamdevdesign.com\/lien-he\/\"]}]},{\"@type\":\"BreadcrumbList\",\"@id\":\"https:\/\/wedding.teamdevdesign.com\/lien-he\/#breadcrumb\",\"itemListElement\":[{\"@type\":\"ListItem\",\"position\":1,\"name\":\"Home\",\"item\":\"https:\/\/wedding.teamdevdesign.com\/\"},{\"@type\":\"ListItem\",\"position\":2,\"name\":\"Li\u00ean h\u1ec7\"}]},{\"@type\":\"WebSite\",\"@id\":\"https:\/\/wedding.teamdevdesign.com\/#website\",\"url\":\"https:\/\/wedding.teamdevdesign.com\/\",\"name\":\"Wedding Thi\u1ec7p c\u01b0\u1edbi online\",\"description\":\"\",\"publisher\":{\"@id\":\"https:\/\/wedding.teamdevdesign.com\/#organization\"},\"potentialAction\":[{\"@type\":\"SearchAction\",\"target\":{\"@type\":\"EntryPoint\",\"urlTemplate\":\"https:\/\/wedding.teamdevdesign.com\/?s={search_term_string}\"},\"query-input\":\"required name=search_term_string\"}],\"inLanguage\":\"en-US\"},{\"@type\":\"Organization\",\"@id\":\"https:\/\/wedding.teamdevdesign.com\/#organization\",\"name\":\"Wedding Thi\u1ec7p c\u01b0\u1edbi online\",\"url\":\"https:\/\/wedding.teamdevdesign.com\/\",\"logo\":{\"@type\":\"ImageObject\",\"inLanguage\":\"en-US\",\"@id\":\"https:\/\/wedding.teamdevdesign.com\/#\/schema\/logo\/image\/\",\"url\":\"https:\/\/wedding.teamdevdesign.com\/wp-content\/uploads\/2026\/03\/logo_wedding.png\",\"contentUrl\":\"https:\/\/wedding.teamdevdesign.com\/wp-content\/uploads\/2026\/03\/logo_wedding.png\",\"width\":713,\"height\":709,\"caption\":\"Wedding Thi\u1ec7p c\u01b0\u1edbi online\"},\"image\":{\"@id\":\"https:\/\/wedding.teamdevdesign.com\/#\/schema\/logo\/image\/\"}}]}<\/script>\n<!-- \/ Yoast SEO Premium plugin. -->","yoast_head_json":{"title":"Li\u00ean h\u1ec7 \u0111\u1eb7t thi\u1ec7p c\u01b0\u1edbi online - H\u1ed7 tr\u1ee3 t\u01b0 v\u1ea5n 24\/7","description":"Li\u00ean h\u1ec7 ngay v\u1edbi ch\u00fang t\u00f4i \u0111\u1ec3 \u0111\u01b0\u1ee3c t\u01b0 v\u1ea5n c\u00e1c m\u1eabu thi\u1ec7p c\u01b0\u1edbi online \u0111\u1eb9p nh\u1ea5t 2026. H\u1ed7 tr\u1ee3 thi\u1ebft k\u1ebf ri\u00eang, t\u00edch h\u1ee3p g\u1eedi mail v\u00e0 b\u1ea3n \u0111\u1ed3. Hotline\/Zalo: 0898614962.","robots":{"index":"index","follow":"follow","max-snippet":"max-snippet:-1","max-image-preview":"max-image-preview:large","max-video-preview":"max-video-preview:-1"},"canonical":"https:\/\/wedding.teamdevdesign.com\/en\/lien-he\/","og_locale":"en_US","og_type":"article","og_title":"Li\u00ean h\u1ec7 \u0111\u1eb7t thi\u1ec7p c\u01b0\u1edbi online - H\u1ed7 tr\u1ee3 t\u01b0 v\u1ea5n 24\/7","og_description":"Li\u00ean h\u1ec7 ngay v\u1edbi ch\u00fang t\u00f4i \u0111\u1ec3 \u0111\u01b0\u1ee3c t\u01b0 v\u1ea5n c\u00e1c m\u1eabu thi\u1ec7p c\u01b0\u1edbi online \u0111\u1eb9p nh\u1ea5t 2026. H\u1ed7 tr\u1ee3 thi\u1ebft k\u1ebf ri\u00eang, t\u00edch h\u1ee3p g\u1eedi mail v\u00e0 b\u1ea3n \u0111\u1ed3. Hotline\/Zalo: 0898614962.","og_url":"https:\/\/wedding.teamdevdesign.com\/en\/lien-he\/","og_site_name":"Wedding Thi\u1ec7p c\u01b0\u1edbi online","article_modified_time":"2026-03-13T03:00:30+00:00","og_image":[{"width":512,"height":512,"url":"https:\/\/wedding.teamdevdesign.com\/wp-content\/uploads\/2026\/03\/cropped-logo_wedding.png","type":"image\/png"}],"twitter_card":"summary_large_image","twitter_title":"Li\u00ean h\u1ec7 \u0111\u1eb7t thi\u1ec7p c\u01b0\u1edbi online - H\u1ed7 tr\u1ee3 t\u01b0 v\u1ea5n 24\/7","twitter_description":"Li\u00ean h\u1ec7 ngay v\u1edbi ch\u00fang t\u00f4i \u0111\u1ec3 \u0111\u01b0\u1ee3c t\u01b0 v\u1ea5n c\u00e1c m\u1eabu thi\u1ec7p c\u01b0\u1edbi online \u0111\u1eb9p nh\u1ea5t 2026. H\u1ed7 tr\u1ee3 thi\u1ebft k\u1ebf ri\u00eang, t\u00edch h\u1ee3p g\u1eedi mail v\u00e0 b\u1ea3n \u0111\u1ed3. Hotline\/Zalo: 0898614962.","schema":{"@context":"https:\/\/schema.org","@graph":[{"@type":"WebPage","@id":"https:\/\/wedding.teamdevdesign.com\/lien-he\/","url":"https:\/\/wedding.teamdevdesign.com\/lien-he\/","name":"Li\u00ean h\u1ec7 \u0111\u1eb7t thi\u1ec7p c\u01b0\u1edbi online - H\u1ed7 tr\u1ee3 t\u01b0 v\u1ea5n 24\/7","isPartOf":{"@id":"https:\/\/wedding.teamdevdesign.com\/#website"},"datePublished":"2026-03-05T02:25:38+00:00","dateModified":"2026-03-13T03:00:30+00:00","description":"Li\u00ean h\u1ec7 ngay v\u1edbi ch\u00fang t\u00f4i \u0111\u1ec3 \u0111\u01b0\u1ee3c t\u01b0 v\u1ea5n c\u00e1c m\u1eabu thi\u1ec7p c\u01b0\u1edbi online \u0111\u1eb9p nh\u1ea5t 2026. H\u1ed7 tr\u1ee3 thi\u1ebft k\u1ebf ri\u00eang, t\u00edch h\u1ee3p g\u1eedi mail v\u00e0 b\u1ea3n \u0111\u1ed3. Hotline\/Zalo: 0898614962.","breadcrumb":{"@id":"https:\/\/wedding.teamdevdesign.com\/lien-he\/#breadcrumb"},"inLanguage":"en-US","potentialAction":[{"@type":"ReadAction","target":["https:\/\/wedding.teamdevdesign.com\/lien-he\/"]}]},{"@type":"BreadcrumbList","@id":"https:\/\/wedding.teamdevdesign.com\/lien-he\/#breadcrumb","itemListElement":[{"@type":"ListItem","position":1,"name":"Home","item":"https:\/\/wedding.teamdevdesign.com\/"},{"@type":"ListItem","position":2,"name":"Li\u00ean h\u1ec7"}]},{"@type":"WebSite","@id":"https:\/\/wedding.teamdevdesign.com\/#website","url":"https:\/\/wedding.teamdevdesign.com\/","name":"Wedding Thi\u1ec7p c\u01b0\u1edbi online","description":"","publisher":{"@id":"https:\/\/wedding.teamdevdesign.com\/#organization"},"potentialAction":[{"@type":"SearchAction","target":{"@type":"EntryPoint","urlTemplate":"https:\/\/wedding.teamdevdesign.com\/?s={search_term_string}"},"query-input":"required name=search_term_string"}],"inLanguage":"en-US"},{"@type":"Organization","@id":"https:\/\/wedding.teamdevdesign.com\/#organization","name":"Wedding Thi\u1ec7p c\u01b0\u1edbi online","url":"https:\/\/wedding.teamdevdesign.com\/","logo":{"@type":"ImageObject","inLanguage":"en-US","@id":"https:\/\/wedding.teamdevdesign.com\/#\/schema\/logo\/image\/","url":"https:\/\/wedding.teamdevdesign.com\/wp-content\/uploads\/2026\/03\/logo_wedding.png","contentUrl":"https:\/\/wedding.teamdevdesign.com\/wp-content\/uploads\/2026\/03\/logo_wedding.png","width":713,"height":709,"caption":"Wedding Thi\u1ec7p c\u01b0\u1edbi online"},"image":{"@id":"https:\/\/wedding.teamdevdesign.com\/#\/schema\/logo\/image\/"}}]}},"_links":{"self":[{"href":"https:\/\/wedding.teamdevdesign.com\/en\/wp-json\/wp\/v2\/pages\/1746","targetHints":{"allow":["GET"]}}],"collection":[{"href":"https:\/\/wedding.teamdevdesign.com\/en\/wp-json\/wp\/v2\/pages"}],"about":[{"href":"https:\/\/wedding.teamdevdesign.com\/en\/wp-json\/wp\/v2\/types\/page"}],"author":[{"embeddable":true,"href":"https:\/\/wedding.teamdevdesign.com\/en\/wp-json\/wp\/v2\/users\/1"}],"replies":[{"embeddable":true,"href":"https:\/\/wedding.teamdevdesign.com\/en\/wp-json\/wp\/v2\/comments?post=1746"}],"version-history":[{"count":4,"href":"https:\/\/wedding.teamdevdesign.com\/en\/wp-json\/wp\/v2\/pages\/1746\/revisions"}],"predecessor-version":[{"id":1813,"href":"https:\/\/wedding.teamdevdesign.com\/en\/wp-json\/wp\/v2\/pages\/1746\/revisions\/1813"}],"wp:attachment":[{"href":"https:\/\/wedding.teamdevdesign.com\/en\/wp-json\/wp\/v2\/media?parent=1746"}],"curies":[{"name":"wp","href":"https:\/\/api.w.org\/{rel}","templated":true}]}}